{"id":17,"date":"2020-09-02T10:08:31","date_gmt":"2020-09-02T08:08:31","guid":{"rendered":"http:\/\/rosatheuer.com\/?page_id=17"},"modified":"2024-04-28T12:55:01","modified_gmt":"2024-04-28T10:55:01","slug":"herz-wege","status":"publish","type":"page","link":"https:\/\/rosatheuer.com\/","title":{"rendered":"Herz-Wege Rosa Theuer"},"content":{"rendered":"\t\t<div data-elementor-type=\"wp-page\" data-elementor-id=\"17\" class=\"elementor elementor-17\" data-elementor-settings=\"[]\">\n\t\t\t\t\t\t<div class=\"elementor-inner\">\n\t\t\t\t\t\t\t<div class=\"elementor-section-wrap\">\n\t\t\t\t\t\t\t<section class=\"elementor-section elementor-top-section elementor-element elementor-element-a785218 elementor-section-boxed elementor-section-height-default elementor-section-height-default\" data-id=\"a785218\" data-element_type=\"section\">\n\t\t\t\t\t\t<div class=\"elementor-container elementor-column-gap-default\">\n\t\t\t\t\t\t\t<div class=\"elementor-row\">\n\t\t\t\t\t<div class=\"elementor-column elementor-col-100 elementor-top-column elementor-element elementor-element-06cbf3b\" data-id=\"06cbf3b\" data-element_type=\"column\">\n\t\t\t<div class=\"elementor-column-wrap elementor-element-populated\">\n\t\t\t\t\t\t\t<div class=\"elementor-widget-wrap\">\n\t\t\t\t\t\t<div class=\"elementor-element elementor-element-9df3349 elementor-widget elementor-widget-heading\" data-id=\"9df3349\" data-element_type=\"widget\" data-widget_type=\"heading.default\">\n\t\t\t\t<div class=\"elementor-widget-container\">\n\t\t\t<h2 class=\"elementor-heading-title elementor-size-xxl\">Herz-Wege<\/h2>\t\t<\/div>\n\t\t\t\t<\/div>\n\t\t\t\t\t\t<\/div>\n\t\t\t\t\t<\/div>\n\t\t<\/div>\n\t\t\t\t\t\t\t\t<\/div>\n\t\t\t\t\t<\/div>\n\t\t<\/section>\n\t\t\t\t<section class=\"elementor-section elementor-top-section elementor-element elementor-element-1d259eb elementor-section-boxed elementor-section-height-default elementor-section-height-default\" data-id=\"1d259eb\" data-element_type=\"section\">\n\t\t\t\t\t\t<div class=\"elementor-container elementor-column-gap-default\">\n\t\t\t\t\t\t\t<div class=\"elementor-row\">\n\t\t\t\t\t<div class=\"elementor-column elementor-col-100 elementor-top-column elementor-element elementor-element-a09cb05\" data-id=\"a09cb05\" data-element_type=\"column\">\n\t\t\t<div class=\"elementor-column-wrap elementor-element-populated\">\n\t\t\t\t\t\t\t<div class=\"elementor-widget-wrap\">\n\t\t\t\t\t\t<div class=\"elementor-element elementor-element-6ab8ec7 elementor-widget elementor-widget-image\" data-id=\"6ab8ec7\" data-element_type=\"widget\" data-widget_type=\"image.default\">\n\t\t\t\t<div class=\"elementor-widget-container\">\n\t\t\t\t\t<div class=\"elementor-image\">\n\t\t\t\t\t\t\t\t\t\t<img width=\"768\" height=\"576\" src=\"https:\/\/rosatheuer.com\/wp-content\/uploads\/2020\/09\/DSC02179-768x576-1.jpg\" class=\"attachment-2048x2048 size-2048x2048\" alt=\"\" loading=\"lazy\" srcset=\"https:\/\/rosatheuer.com\/wp-content\/uploads\/2020\/09\/DSC02179-768x576-1.jpg 768w, https:\/\/rosatheuer.com\/wp-content\/uploads\/2020\/09\/DSC02179-768x576-1-300x225.jpg 300w\" sizes=\"(max-width: 768px) 100vw, 768px\" \/>\t\t\t\t\t\t\t\t\t\t\t<\/div>\n\t\t\t\t<\/div>\n\t\t\t\t<\/div>\n\t\t\t\t\t\t<\/div>\n\t\t\t\t\t<\/div>\n\t\t<\/div>\n\t\t\t\t\t\t\t\t<\/div>\n\t\t\t\t\t<\/div>\n\t\t<\/section>\n\t\t\t\t<section class=\"elementor-section elementor-top-section elementor-element elementor-element-66a7ae6 elementor-section-boxed elementor-section-height-default elementor-section-height-default\" data-id=\"66a7ae6\" data-element_type=\"section\">\n\t\t\t\t\t\t<div class=\"elementor-container elementor-column-gap-default\">\n\t\t\t\t\t\t\t<div class=\"elementor-row\">\n\t\t\t\t\t<div class=\"elementor-column elementor-col-100 elementor-top-column elementor-element elementor-element-fedc1ef\" data-id=\"fedc1ef\" data-element_type=\"column\">\n\t\t\t<div class=\"elementor-column-wrap elementor-element-populated\">\n\t\t\t\t\t\t\t<div class=\"elementor-widget-wrap\">\n\t\t\t\t\t\t<div class=\"elementor-element elementor-element-619c343 elementor-widget elementor-widget-text-editor\" data-id=\"619c343\" data-element_type=\"widget\" data-widget_type=\"text-editor.default\">\n\t\t\t\t<div class=\"elementor-widget-container\">\n\t\t\t\t\t<div class=\"elementor-text-editor elementor-clearfix\"><h2><b>Im Einklang mit K\u00f6rper, Seele und Geist<\/b><\/h2><\/div>\n\t\t\t\t<\/div>\n\t\t\t\t<\/div>\n\t\t\t\t\t\t<\/div>\n\t\t\t\t\t<\/div>\n\t\t<\/div>\n\t\t\t\t\t\t\t\t<\/div>\n\t\t\t\t\t<\/div>\n\t\t<\/section>\n\t\t\t\t<section class=\"elementor-section elementor-top-section elementor-element elementor-element-125b565 elementor-section-boxed elementor-section-height-default elementor-section-height-default\" data-id=\"125b565\" data-element_type=\"section\">\n\t\t\t\t\t\t<div class=\"elementor-container elementor-column-gap-default\">\n\t\t\t\t\t\t\t<div class=\"elementor-row\">\n\t\t\t\t\t<div class=\"elementor-column elementor-col-100 elementor-top-column elementor-element elementor-element-6f0d51f\" data-id=\"6f0d51f\" data-element_type=\"column\">\n\t\t\t<div class=\"elementor-column-wrap elementor-element-populated\">\n\t\t\t\t\t\t\t<div class=\"elementor-widget-wrap\">\n\t\t\t\t\t\t<div class=\"elementor-element elementor-element-eeaf553 elementor-widget__width-inherit elementor-widget elementor-widget-text-editor\" data-id=\"eeaf553\" data-element_type=\"widget\" data-widget_type=\"text-editor.default\">\n\t\t\t\t<div class=\"elementor-widget-container\">\n\t\t\t\t\t<div class=\"elementor-text-editor elementor-clearfix\"><p style=\"text-align: center;\"><strong>Herzlich Willkommen!<\/strong><\/p><p style=\"text-align: center;\">Es freut mich, dass du auf diese Seite gef\u00fchrt wurdest!<\/p><p style=\"text-align: center;\">Als ANCIANA begleite ich dich mit meinem reichen Schatz an vielf\u00e4ltigsten Lebenserfahrungen in deinen ganz pers\u00f6nlichen Herausforderungen.<\/p><p style=\"text-align: center;\">Beratend stehe ich dir zur Seite bei Fragen zu Deinem Seelenweg, der in deinem pers\u00f6nlichen Geburts-Horoskop aus der Kosmovision MAYA ersichtlich ist.<\/p><p style=\"text-align: center;\">Durch Rituale unterst\u00fctze ich dich in allen Lebensbereichen.<\/p><p style=\"text-align: center;\">Auch f\u00fcr Workshops lasse ich mich gerne einladen zu gew\u00fcnschten Themen.<\/p><p style=\"text-align: center;\">Ein Feuerritual\u00a0 bei einem Fest kann ein ganz besonderes Erleben sein.<\/p><\/div>\n\t\t\t\t<\/div>\n\t\t\t\t<\/div>\n\t\t\t\t\t\t<\/div>\n\t\t\t\t\t<\/div>\n\t\t<\/div>\n\t\t\t\t\t\t\t\t<\/div>\n\t\t\t\t\t<\/div>\n\t\t<\/section>\n\t\t\t\t<section class=\"elementor-section elementor-top-section elementor-element elementor-element-508d4bf elementor-section-boxed elementor-section-height-default elementor-section-height-default\" data-id=\"508d4bf\" data-element_type=\"section\">\n\t\t\t\t\t\t<div class=\"elementor-container elementor-column-gap-default\">\n\t\t\t\t\t\t\t<div class=\"elementor-row\">\n\t\t\t\t\t<div class=\"elementor-column elementor-col-33 elementor-top-column elementor-element elementor-element-baff2b7\" data-id=\"baff2b7\" data-element_type=\"column\">\n\t\t\t<div class=\"elementor-column-wrap elementor-element-populated\">\n\t\t\t\t\t\t\t<div class=\"elementor-widget-wrap\">\n\t\t\t\t\t\t<div class=\"elementor-element elementor-element-874b5da elementor-widget elementor-widget-image\" data-id=\"874b5da\" data-element_type=\"widget\" data-widget_type=\"image.default\">\n\t\t\t\t<div class=\"elementor-widget-container\">\n\t\t\t\t\t<div class=\"elementor-image\">\n\t\t\t\t\t\t\t\t\t\t<img width=\"225\" height=\"300\" src=\"https:\/\/rosatheuer.com\/wp-content\/uploads\/2020\/09\/DSC04428-225x300.jpg\" class=\"attachment-medium size-medium\" alt=\"\" loading=\"lazy\" srcset=\"https:\/\/rosatheuer.com\/wp-content\/uploads\/2020\/09\/DSC04428-225x300.jpg 225w, https:\/\/rosatheuer.com\/wp-content\/uploads\/2020\/09\/DSC04428-768x1024.jpg 768w, https:\/\/rosatheuer.com\/wp-content\/uploads\/2020\/09\/DSC04428-1152x1536.jpg 1152w, https:\/\/rosatheuer.com\/wp-content\/uploads\/2020\/09\/DSC04428-1536x2048.jpg 1536w, https:\/\/rosatheuer.com\/wp-content\/uploads\/2020\/09\/DSC04428-scaled.jpg 1920w\" sizes=\"(max-width: 225px) 100vw, 225px\" \/>\t\t\t\t\t\t\t\t\t\t\t<\/div>\n\t\t\t\t<\/div>\n\t\t\t\t<\/div>\n\t\t\t\t\t\t<\/div>\n\t\t\t\t\t<\/div>\n\t\t<\/div>\n\t\t\t\t<div class=\"elementor-column elementor-col-33 elementor-top-column elementor-element elementor-element-6cf7b14\" data-id=\"6cf7b14\" data-element_type=\"column\">\n\t\t\t<div class=\"elementor-column-wrap elementor-element-populated\">\n\t\t\t\t\t\t\t<div class=\"elementor-widget-wrap\">\n\t\t\t\t\t\t<div class=\"elementor-element elementor-element-031d864 elementor-widget elementor-widget-image\" data-id=\"031d864\" data-element_type=\"widget\" data-widget_type=\"image.default\">\n\t\t\t\t<div class=\"elementor-widget-container\">\n\t\t\t\t\t<div class=\"elementor-image\">\n\t\t\t\t\t\t\t\t\t\t<img width=\"225\" height=\"300\" src=\"https:\/\/rosatheuer.com\/wp-content\/uploads\/2022\/09\/20220716_2020473-225x300.jpg\" class=\"attachment-medium size-medium\" alt=\"\" loading=\"lazy\" srcset=\"https:\/\/rosatheuer.com\/wp-content\/uploads\/2022\/09\/20220716_2020473-225x300.jpg 225w, https:\/\/rosatheuer.com\/wp-content\/uploads\/2022\/09\/20220716_2020473-768x1024.jpg 768w, https:\/\/rosatheuer.com\/wp-content\/uploads\/2022\/09\/20220716_2020473-1152x1536.jpg 1152w, https:\/\/rosatheuer.com\/wp-content\/uploads\/2022\/09\/20220716_2020473-1536x2048.jpg 1536w, https:\/\/rosatheuer.com\/wp-content\/uploads\/2022\/09\/20220716_2020473-scaled.jpg 1920w\" sizes=\"(max-width: 225px) 100vw, 225px\" \/>\t\t\t\t\t\t\t\t\t\t\t<\/div>\n\t\t\t\t<\/div>\n\t\t\t\t<\/div>\n\t\t\t\t\t\t<\/div>\n\t\t\t\t\t<\/div>\n\t\t<\/div>\n\t\t\t\t<div class=\"elementor-column elementor-col-33 elementor-top-column elementor-element elementor-element-71f5b0c\" data-id=\"71f5b0c\" data-element_type=\"column\">\n\t\t\t<div class=\"elementor-column-wrap elementor-element-populated\">\n\t\t\t\t\t\t\t<div class=\"elementor-widget-wrap\">\n\t\t\t\t\t\t<div class=\"elementor-element elementor-element-1ff34a9 elementor-widget elementor-widget-image\" data-id=\"1ff34a9\" data-element_type=\"widget\" data-widget_type=\"image.default\">\n\t\t\t\t<div class=\"elementor-widget-container\">\n\t\t\t\t\t<div class=\"elementor-image\">\n\t\t\t\t\t\t\t\t\t\t<img width=\"225\" height=\"300\" src=\"https:\/\/rosatheuer.com\/wp-content\/uploads\/2020\/09\/3.-bei-BAATZ-1-225x300.jpg\" class=\"attachment-medium size-medium\" alt=\"\" loading=\"lazy\" srcset=\"https:\/\/rosatheuer.com\/wp-content\/uploads\/2020\/09\/3.-bei-BAATZ-1-225x300.jpg 225w, https:\/\/rosatheuer.com\/wp-content\/uploads\/2020\/09\/3.-bei-BAATZ-1.jpg 336w\" sizes=\"(max-width: 225px) 100vw, 225px\" \/>\t\t\t\t\t\t\t\t\t\t\t<\/div>\n\t\t\t\t<\/div>\n\t\t\t\t<\/div>\n\t\t\t\t\t\t<\/div>\n\t\t\t\t\t<\/div>\n\t\t<\/div>\n\t\t\t\t\t\t\t\t<\/div>\n\t\t\t\t\t<\/div>\n\t\t<\/section>\n\t\t\t\t<section class=\"elementor-section elementor-top-section elementor-element elementor-element-b58b3ac elementor-section-boxed elementor-section-height-default elementor-section-height-default\" data-id=\"b58b3ac\" data-element_type=\"section\">\n\t\t\t\t\t\t<div class=\"elementor-container elementor-column-gap-default\">\n\t\t\t\t\t\t\t<div class=\"elementor-row\">\n\t\t\t\t\t<div class=\"elementor-column elementor-col-100 elementor-top-column elementor-element elementor-element-a1764c1\" data-id=\"a1764c1\" data-element_type=\"column\">\n\t\t\t<div class=\"elementor-column-wrap elementor-element-populated\">\n\t\t\t\t\t\t\t<div class=\"elementor-widget-wrap\">\n\t\t\t\t\t\t<div class=\"elementor-element elementor-element-424dbb2 elementor-widget elementor-widget-text-editor\" data-id=\"424dbb2\" data-element_type=\"widget\" data-widget_type=\"text-editor.default\">\n\t\t\t\t<div class=\"elementor-widget-container\">\n\t\t\t\t\t<div class=\"elementor-text-editor elementor-clearfix\"><p style=\"text-align: center;\">Meine sch\u00f6nste Aufgabe ist es, Br\u00fcckenbauerin zu sein.<\/p><p style=\"text-align: center;\">Das bedeutet:<\/p><p style=\"text-align: center;\">In Verbindung mit deinen geistigen Begleitern kann ich dir Br\u00fccke sein, \u00fcber die du andere Ebenen erreichen kannst.<\/p><p style=\"text-align: center;\">Ich mache dich aufmerksam auf den Weg, den deine Seele in sich tr\u00e4gt.<\/p><p style=\"text-align: center;\">Begegnungen in anderen Welten sind durch dein aktives Mitwirken m\u00f6glich.<\/p><p>\u00a0<\/p><p style=\"text-align: center;\">In gro\u00dfer Dankbarkeit f\u00fcr dein Vertrauen<\/p><p style=\"text-align: center;\">Rosa Theuer, Br\u00fcckenbauerin und MAYA-Priesterin<\/p><\/div>\n\t\t\t\t<\/div>\n\t\t\t\t<\/div>\n\t\t\t\t\t\t<\/div>\n\t\t\t\t\t<\/div>\n\t\t<\/div>\n\t\t\t\t\t\t\t\t<\/div>\n\t\t\t\t\t<\/div>\n\t\t<\/section>\n\t\t\t\t<section class=\"elementor-section elementor-top-section elementor-element elementor-element-82cff96 elementor-section-boxed elementor-section-height-default elementor-section-height-default\" data-id=\"82cff96\" data-element_type=\"section\">\n\t\t\t\t\t\t<div class=\"elementor-container elementor-column-gap-default\">\n\t\t\t\t\t\t\t<div class=\"elementor-row\">\n\t\t\t\t\t<div class=\"elementor-column elementor-col-100 elementor-top-column elementor-element elementor-element-e18d878\" data-id=\"e18d878\" data-element_type=\"column\">\n\t\t\t<div class=\"elementor-column-wrap elementor-element-populated\">\n\t\t\t\t\t\t\t<div class=\"elementor-widget-wrap\">\n\t\t\t\t\t\t<div class=\"elementor-element elementor-element-2905928 elementor-widget elementor-widget-image\" data-id=\"2905928\" data-element_type=\"widget\" data-widget_type=\"image.default\">\n\t\t\t\t<div class=\"elementor-widget-container\">\n\t\t\t\t\t<div class=\"elementor-image\">\n\t\t\t\t\t\t\t\t\t\t<img width=\"510\" height=\"340\" src=\"https:\/\/rosatheuer.com\/wp-content\/uploads\/2020\/09\/Bogenbruecke.jpg\" class=\"attachment-large size-large\" alt=\"\" loading=\"lazy\" srcset=\"https:\/\/rosatheuer.com\/wp-content\/uploads\/2020\/09\/Bogenbruecke.jpg 510w, https:\/\/rosatheuer.com\/wp-content\/uploads\/2020\/09\/Bogenbruecke-300x200.jpg 300w\" sizes=\"(max-width: 510px) 100vw, 510px\" \/>\t\t\t\t\t\t\t\t\t\t\t<\/div>\n\t\t\t\t<\/div>\n\t\t\t\t<\/div>\n\t\t\t\t\t\t<\/div>\n\t\t\t\t\t<\/div>\n\t\t<\/div>\n\t\t\t\t\t\t\t\t<\/div>\n\t\t\t\t\t<\/div>\n\t\t<\/section>\n\t\t\t\t\t\t<\/div>\n\t\t\t\t\t\t<\/div>\n\t\t\t\t\t<\/div>\n\t\t","protected":false},"excerpt":{"rendered":"<p>Herz-Wege Im Einklang mit K\u00f6rper, Seele und Geist Herzlich Willkommen! Es freut mich, dass du auf diese Seite gef\u00fchrt wurdest! Als ANCIANA begleite ich dich mit meinem reichen Schatz an vielf\u00e4ltigsten Lebenserfahrungen in deinen ganz pers\u00f6nlichen Herausforderungen. Beratend stehe ich dir zur Seite bei Fragen zu Deinem Seelenweg, der in deinem pers\u00f6nlichen Geburts-Horoskop aus der [&hellip;]<\/p>\n","protected":false},"author":1,"featured_media":0,"parent":0,"menu_order":0,"comment_status":"closed","ping_status":"closed","template":"","meta":[],"_links":{"self":[{"href":"https:\/\/rosatheuer.com\/index.php?rest_route=\/wp\/v2\/pages\/17"}],"collection":[{"href":"https:\/\/rosatheuer.com\/index.php?rest_route=\/wp\/v2\/pages"}],"about":[{"href":"https:\/\/rosatheuer.com\/index.php?rest_route=\/wp\/v2\/types\/page"}],"author":[{"embeddable":true,"href":"https:\/\/rosatheuer.com\/index.php?rest_route=\/wp\/v2\/users\/1"}],"replies":[{"embeddable":true,"href":"https:\/\/rosatheuer.com\/index.php?rest_route=%2Fwp%2Fv2%2Fcomments&post=17"}],"version-history":[{"count":10,"href":"https:\/\/rosatheuer.com\/index.php?rest_route=\/wp\/v2\/pages\/17\/revisions"}],"predecessor-version":[{"id":1599,"href":"https:\/\/rosatheuer.com\/index.php?rest_route=\/wp\/v2\/pages\/17\/revisions\/1599"}],"wp:attachment":[{"href":"https:\/\/rosatheuer.com\/index.php?rest_route=%2Fwp%2Fv2%2Fmedia&parent=17"}],"curies":[{"name":"wp","href":"https:\/\/api.w.org\/{rel}","templated":true}]}}