{"id":81,"date":"2020-09-03T14:06:56","date_gmt":"2020-09-03T12:06:56","guid":{"rendered":"http:\/\/rosatheuer.com\/?page_id=81"},"modified":"2020-10-24T20:04:14","modified_gmt":"2020-10-24T18:04:14","slug":"mein-wirken","status":"publish","type":"page","link":"https:\/\/rosatheuer.com\/?page_id=81","title":{"rendered":"Mein Wirken"},"content":{"rendered":"\t\t<div data-elementor-type=\"wp-page\" data-elementor-id=\"81\" class=\"elementor elementor-81\" data-elementor-settings=\"[]\">\n\t\t\t\t\t\t<div class=\"elementor-inner\">\n\t\t\t\t\t\t\t<div class=\"elementor-section-wrap\">\n\t\t\t\t\t\t\t<section class=\"elementor-section elementor-top-section elementor-element elementor-element-0da24ac elementor-section-boxed elementor-section-height-default elementor-section-height-default\" data-id=\"0da24ac\" data-element_type=\"section\">\n\t\t\t\t\t\t<div class=\"elementor-container elementor-column-gap-default\">\n\t\t\t\t\t\t\t<div class=\"elementor-row\">\n\t\t\t\t\t<div class=\"elementor-column elementor-col-100 elementor-top-column elementor-element elementor-element-2fb9234\" data-id=\"2fb9234\" data-element_type=\"column\">\n\t\t\t<div class=\"elementor-column-wrap elementor-element-populated\">\n\t\t\t\t\t\t\t<div class=\"elementor-widget-wrap\">\n\t\t\t\t\t\t<div class=\"elementor-element elementor-element-805d3ba elementor-widget elementor-widget-heading\" data-id=\"805d3ba\" data-element_type=\"widget\" data-widget_type=\"heading.default\">\n\t\t\t\t<div class=\"elementor-widget-container\">\n\t\t\t<h2 class=\"elementor-heading-title elementor-size-xl\">Mein Wirken\n\nim Dienst <\/h2>\t\t<\/div>\n\t\t\t\t<\/div>\n\t\t\t\t\t\t<\/div>\n\t\t\t\t\t<\/div>\n\t\t<\/div>\n\t\t\t\t\t\t\t\t<\/div>\n\t\t\t\t\t<\/div>\n\t\t<\/section>\n\t\t\t\t<section class=\"elementor-section elementor-top-section elementor-element elementor-element-ae573c8 elementor-section-boxed elementor-section-height-default elementor-section-height-default\" data-id=\"ae573c8\" data-element_type=\"section\">\n\t\t\t\t\t\t<div class=\"elementor-container elementor-column-gap-default\">\n\t\t\t\t\t\t\t<div class=\"elementor-row\">\n\t\t\t\t\t<div class=\"elementor-column elementor-col-100 elementor-top-column elementor-element elementor-element-04a1365\" data-id=\"04a1365\" data-element_type=\"column\">\n\t\t\t<div class=\"elementor-column-wrap elementor-element-populated\">\n\t\t\t\t\t\t\t<div class=\"elementor-widget-wrap\">\n\t\t\t\t\t\t<div class=\"elementor-element elementor-element-8a3c1c5 elementor-widget elementor-widget-text-editor\" data-id=\"8a3c1c5\" data-element_type=\"widget\" data-widget_type=\"text-editor.default\">\n\t\t\t\t<div class=\"elementor-widget-container\">\n\t\t\t\t\t<div class=\"elementor-text-editor elementor-clearfix\"><p style=\"text-align: center;\">Es ist mir eine Ehre, Menschen zu helfen, sich selbst zu finden, ihre eigenen inneren Sch\u00e4tze zu ent-decken, ihre Hindernisse zu \u00fcberwinden und frei zu werden f\u00fcr den Weg, der in ihrem Innersten liegt.<\/p><p style=\"text-align: center;\">Ich diene in Demut und Verantwortung als Wegweisende und gebe Impulse f\u00fcr deine eigene Inspiration.<\/p><p style=\"text-align: center;\">Als Br\u00fcckenbauerin begleite ich dich achtsam und respektvoll auf Deinem Lebensweg und in deinen Herausforderungen. In Verbindung mit deinen geistigen Helferkr\u00e4ften bitte ich um St\u00e4rkung und Heilung von K\u00f6rper, Seele und Geist.<\/p><\/div>\n\t\t\t\t<\/div>\n\t\t\t\t<\/div>\n\t\t\t\t\t\t<\/div>\n\t\t\t\t\t<\/div>\n\t\t<\/div>\n\t\t\t\t\t\t\t\t<\/div>\n\t\t\t\t\t<\/div>\n\t\t<\/section>\n\t\t\t\t<section class=\"elementor-section elementor-top-section elementor-element elementor-element-27eb553 elementor-section-boxed elementor-section-height-default elementor-section-height-default\" data-id=\"27eb553\" data-element_type=\"section\">\n\t\t\t\t\t\t<div class=\"elementor-container elementor-column-gap-default\">\n\t\t\t\t\t\t\t<div class=\"elementor-row\">\n\t\t\t\t\t<div class=\"elementor-column elementor-col-100 elementor-top-column elementor-element elementor-element-71b0862\" data-id=\"71b0862\" data-element_type=\"column\">\n\t\t\t<div class=\"elementor-column-wrap elementor-element-populated\">\n\t\t\t\t\t\t\t<div class=\"elementor-widget-wrap\">\n\t\t\t\t\t\t<div class=\"elementor-element elementor-element-eacb05c elementor-widget elementor-widget-image\" data-id=\"eacb05c\" data-element_type=\"widget\" data-widget_type=\"image.default\">\n\t\t\t\t<div class=\"elementor-widget-container\">\n\t\t\t\t\t<div class=\"elementor-image\">\n\t\t\t\t\t\t\t\t\t\t<img width=\"481\" height=\"362\" src=\"https:\/\/rosatheuer.com\/wp-content\/uploads\/2020\/09\/cid_F09C45168C7D41D99C1F556501F8CD6A@Zimmermann-1.jpg\" class=\"attachment-large size-large\" alt=\"\" loading=\"lazy\" srcset=\"https:\/\/rosatheuer.com\/wp-content\/uploads\/2020\/09\/cid_F09C45168C7D41D99C1F556501F8CD6A@Zimmermann-1.jpg 481w, https:\/\/rosatheuer.com\/wp-content\/uploads\/2020\/09\/cid_F09C45168C7D41D99C1F556501F8CD6A@Zimmermann-1-300x226.jpg 300w\" sizes=\"(max-width: 481px) 100vw, 481px\" \/>\t\t\t\t\t\t\t\t\t\t\t<\/div>\n\t\t\t\t<\/div>\n\t\t\t\t<\/div>\n\t\t\t\t\t\t<\/div>\n\t\t\t\t\t<\/div>\n\t\t<\/div>\n\t\t\t\t\t\t\t\t<\/div>\n\t\t\t\t\t<\/div>\n\t\t<\/section>\n\t\t\t\t<section class=\"elementor-section elementor-top-section elementor-element elementor-element-010155e elementor-section-boxed elementor-section-height-default elementor-section-height-default\" data-id=\"010155e\" data-element_type=\"section\">\n\t\t\t\t\t\t<div class=\"elementor-container elementor-column-gap-default\">\n\t\t\t\t\t\t\t<div class=\"elementor-row\">\n\t\t\t\t\t<div class=\"elementor-column elementor-col-100 elementor-top-column elementor-element elementor-element-7a7180f\" data-id=\"7a7180f\" data-element_type=\"column\">\n\t\t\t<div class=\"elementor-column-wrap elementor-element-populated\">\n\t\t\t\t\t\t\t<div class=\"elementor-widget-wrap\">\n\t\t\t\t\t\t<div class=\"elementor-element elementor-element-9191e53 elementor-widget elementor-widget-text-editor\" data-id=\"9191e53\" data-element_type=\"widget\" data-widget_type=\"text-editor.default\">\n\t\t\t\t<div class=\"elementor-widget-container\">\n\t\t\t\t\t<div class=\"elementor-text-editor elementor-clearfix\"><p style=\"text-align: center;\">Ich gestalte Zeremonien f\u00fcr alle Lebensbereiche und zu allen Anl\u00e4ssen. Das Leben bietet uns viele Situationen, die wir freudvoll und feierlich begehen. Besondere Anl\u00e4sse w\u00fcrdevoll zelebrieren, Herausforderungen kraftvoll begegnen, schwierige \u00a0Lebensphasen meistern \u2013<\/p><p style=\"text-align: center;\">in allem begleite ich dich rituell.<\/p><p style=\"text-align: center;\">Alle Zeremonien sind neutral, \u00fcberkonfessionell und \u00fcberkulturell.<\/p><\/div>\n\t\t\t\t<\/div>\n\t\t\t\t<\/div>\n\t\t\t\t\t\t<\/div>\n\t\t\t\t\t<\/div>\n\t\t<\/div>\n\t\t\t\t\t\t\t\t<\/div>\n\t\t\t\t\t<\/div>\n\t\t<\/section>\n\t\t\t\t<section class=\"elementor-section elementor-top-section elementor-element elementor-element-b5f579c elementor-section-boxed elementor-section-height-default elementor-section-height-default\" data-id=\"b5f579c\" data-element_type=\"section\">\n\t\t\t\t\t\t<div class=\"elementor-container elementor-column-gap-default\">\n\t\t\t\t\t\t\t<div class=\"elementor-row\">\n\t\t\t\t\t<div class=\"elementor-column elementor-col-100 elementor-top-column elementor-element elementor-element-57500a1\" data-id=\"57500a1\" data-element_type=\"column\">\n\t\t\t<div class=\"elementor-column-wrap elementor-element-populated\">\n\t\t\t\t\t\t\t<div class=\"elementor-widget-wrap\">\n\t\t\t\t\t\t<div class=\"elementor-element elementor-element-f9b1866 elementor-widget elementor-widget-image\" data-id=\"f9b1866\" data-element_type=\"widget\" data-widget_type=\"image.default\">\n\t\t\t\t<div class=\"elementor-widget-container\">\n\t\t\t\t\t<div class=\"elementor-image\">\n\t\t\t\t\t\t\t\t\t\t<img width=\"448\" height=\"336\" src=\"https:\/\/rosatheuer.com\/wp-content\/uploads\/2020\/09\/7.-QANIL-2.jpg\" class=\"attachment-large size-large\" alt=\"\" loading=\"lazy\" srcset=\"https:\/\/rosatheuer.com\/wp-content\/uploads\/2020\/09\/7.-QANIL-2.jpg 448w, https:\/\/rosatheuer.com\/wp-content\/uploads\/2020\/09\/7.-QANIL-2-300x225.jpg 300w\" sizes=\"(max-width: 448px) 100vw, 448px\" \/>\t\t\t\t\t\t\t\t\t\t\t<\/div>\n\t\t\t\t<\/div>\n\t\t\t\t<\/div>\n\t\t\t\t\t\t<\/div>\n\t\t\t\t\t<\/div>\n\t\t<\/div>\n\t\t\t\t\t\t\t\t<\/div>\n\t\t\t\t\t<\/div>\n\t\t<\/section>\n\t\t\t\t<section class=\"elementor-section elementor-top-section elementor-element elementor-element-9b04711 elementor-section-boxed elementor-section-height-default elementor-section-height-default\" data-id=\"9b04711\" data-element_type=\"section\">\n\t\t\t\t\t\t<div class=\"elementor-container elementor-column-gap-default\">\n\t\t\t\t\t\t\t<div class=\"elementor-row\">\n\t\t\t\t\t<div class=\"elementor-column elementor-col-100 elementor-top-column elementor-element elementor-element-4fbbdb8\" data-id=\"4fbbdb8\" data-element_type=\"column\">\n\t\t\t<div class=\"elementor-column-wrap elementor-element-populated\">\n\t\t\t\t\t\t\t<div class=\"elementor-widget-wrap\">\n\t\t\t\t\t\t<div class=\"elementor-element elementor-element-c9f2b71 elementor-widget elementor-widget-text-editor\" data-id=\"c9f2b71\" data-element_type=\"widget\" data-widget_type=\"text-editor.default\">\n\t\t\t\t<div class=\"elementor-widget-container\">\n\t\t\t\t\t<div class=\"elementor-text-editor elementor-clearfix\"><p style=\"text-align: center;\">Die Zeremonie gestalte ich gerne an dem von dir gew\u00fcnschten Ort oder Platz (auch in der Natur) \u2013\u00a0<\/p><p style=\"text-align: center;\">f\u00fcr dich pers\u00f6nlich, in deiner Familie oder in einer Gruppe.<\/p><p style=\"text-align: center;\">An entsprechend geeigneten Orten und Pl\u00e4tzen mache ich sehr gern ein Feuer-Ritual f\u00fcr deine Absicht und dein Anliegen.<\/p><\/div>\n\t\t\t\t<\/div>\n\t\t\t\t<\/div>\n\t\t\t\t<div class=\"elementor-element elementor-element-15009ea elementor-widget elementor-widget-text-editor\" data-id=\"15009ea\" data-element_type=\"widget\" data-widget_type=\"text-editor.default\">\n\t\t\t\t<div class=\"elementor-widget-container\">\n\t\t\t\t\t<div class=\"elementor-text-editor elementor-clearfix\"><\/div>\n\t\t\t\t<\/div>\n\t\t\t\t<\/div>\n\t\t\t\t\t\t<\/div>\n\t\t\t\t\t<\/div>\n\t\t<\/div>\n\t\t\t\t\t\t\t\t<\/div>\n\t\t\t\t\t<\/div>\n\t\t<\/section>\n\t\t\t\t<section class=\"elementor-section elementor-top-section elementor-element elementor-element-42c1497 elementor-section-boxed elementor-section-height-default elementor-section-height-default\" data-id=\"42c1497\" data-element_type=\"section\">\n\t\t\t\t\t\t<div class=\"elementor-container elementor-column-gap-default\">\n\t\t\t\t\t\t\t<div class=\"elementor-row\">\n\t\t\t\t\t<div class=\"elementor-column elementor-col-100 elementor-top-column elementor-element elementor-element-1352055\" data-id=\"1352055\" data-element_type=\"column\">\n\t\t\t<div class=\"elementor-column-wrap elementor-element-populated\">\n\t\t\t\t\t\t\t<div class=\"elementor-widget-wrap\">\n\t\t\t\t\t\t<div class=\"elementor-element elementor-element-91f2cc7 elementor-widget elementor-widget-image\" data-id=\"91f2cc7\" data-element_type=\"widget\" data-widget_type=\"image.default\">\n\t\t\t\t<div class=\"elementor-widget-container\">\n\t\t\t\t\t<div class=\"elementor-image\">\n\t\t\t\t\t\t\t\t\t\t<img width=\"336\" height=\"448\" src=\"https:\/\/rosatheuer.com\/wp-content\/uploads\/2020\/09\/reuerritual.jpg\" class=\"attachment-large size-large\" alt=\"\" loading=\"lazy\" srcset=\"https:\/\/rosatheuer.com\/wp-content\/uploads\/2020\/09\/reuerritual.jpg 336w, https:\/\/rosatheuer.com\/wp-content\/uploads\/2020\/09\/reuerritual-225x300.jpg 225w\" sizes=\"(max-width: 336px) 100vw, 336px\" \/>\t\t\t\t\t\t\t\t\t\t\t<\/div>\n\t\t\t\t<\/div>\n\t\t\t\t<\/div>\n\t\t\t\t\t\t<\/div>\n\t\t\t\t\t<\/div>\n\t\t<\/div>\n\t\t\t\t\t\t\t\t<\/div>\n\t\t\t\t\t<\/div>\n\t\t<\/section>\n\t\t\t\t<section class=\"elementor-section elementor-top-section elementor-element elementor-element-2592508 elementor-section-boxed elementor-section-height-default elementor-section-height-default\" data-id=\"2592508\" data-element_type=\"section\">\n\t\t\t\t\t\t<div class=\"elementor-container elementor-column-gap-default\">\n\t\t\t\t\t\t\t<div class=\"elementor-row\">\n\t\t\t\t\t<div class=\"elementor-column elementor-col-100 elementor-top-column elementor-element elementor-element-53f129a\" data-id=\"53f129a\" data-element_type=\"column\">\n\t\t\t<div class=\"elementor-column-wrap elementor-element-populated\">\n\t\t\t\t\t\t\t<div class=\"elementor-widget-wrap\">\n\t\t\t\t\t\t<div class=\"elementor-element elementor-element-735be02 elementor-widget elementor-widget-text-editor\" data-id=\"735be02\" data-element_type=\"widget\" data-widget_type=\"text-editor.default\">\n\t\t\t\t<div class=\"elementor-widget-container\">\n\t\t\t\t\t<div class=\"elementor-text-editor elementor-clearfix\"><p style=\"text-align: center;\">Die Zeremonie im Heiligen Feuer verbindet uns Menschen mit dem Herz des Himmels und dem Herz dieses wundersch\u00f6nen Planeten Erde, mit den Vier Elementen, mit der Kraft der Vier Himmelsrichtungen und mit all unseren Helfern und Begleitern. Im Kreislauf des Gebens und Empfangens werden auch die Naturreiche gest\u00e4rkt. Wir ehren all unsere eigenen Anteile und bitten auch die Sternengeschwister um Unterst\u00fctzung auf dem Weg in dieser Zeit.<\/p><p style=\"text-align: center;\">In Dankbarkeit zu ALLEM-was-IST<\/p><p style=\"text-align: center;\">Rosa<\/p><p style=\"text-align: center;\">Rosa Theuer,\u00a0 Br\u00fcckenbauerin und MAYA-Priesterin<\/p><\/div>\n\t\t\t\t<\/div>\n\t\t\t\t<\/div>\n\t\t\t\t\t\t<\/div>\n\t\t\t\t\t<\/div>\n\t\t<\/div>\n\t\t\t\t\t\t\t\t<\/div>\n\t\t\t\t\t<\/div>\n\t\t<\/section>\n\t\t\t\t<section class=\"elementor-section elementor-top-section elementor-element elementor-element-4d25015 elementor-section-boxed elementor-section-height-default elementor-section-height-default\" data-id=\"4d25015\" data-element_type=\"section\">\n\t\t\t\t\t\t<div class=\"elementor-container elementor-column-gap-default\">\n\t\t\t\t\t\t\t<div class=\"elementor-row\">\n\t\t\t\t\t\t\t\t\t<\/div>\n\t\t\t\t\t<\/div>\n\t\t<\/section>\n\t\t\t\t<section class=\"elementor-section elementor-top-section elementor-element elementor-element-3b2328c elementor-section-boxed elementor-section-height-default elementor-section-height-default\" data-id=\"3b2328c\" data-element_type=\"section\">\n\t\t\t\t\t\t<div class=\"elementor-container elementor-column-gap-default\">\n\t\t\t\t\t\t\t<div class=\"elementor-row\">\n\t\t\t\t\t\t\t\t\t<\/div>\n\t\t\t\t\t<\/div>\n\t\t<\/section>\n\t\t\t\t\t\t<\/div>\n\t\t\t\t\t\t<\/div>\n\t\t\t\t\t<\/div>\n\t\t","protected":false},"excerpt":{"rendered":"<p>Mein Wirken im Dienst Es ist mir eine Ehre, Menschen zu helfen, sich selbst zu finden, ihre eigenen inneren Sch\u00e4tze zu ent-decken, ihre Hindernisse zu \u00fcberwinden und frei zu werden f\u00fcr den Weg, der in ihrem Innersten liegt. Ich diene in Demut und Verantwortung als Wegweisende und gebe Impulse f\u00fcr deine eigene Inspiration. Als Br\u00fcckenbauerin [&hellip;]<\/p>\n","protected":false},"author":1,"featured_media":0,"parent":0,"menu_order":0,"comment_status":"closed","ping_status":"closed","template":"","meta":[],"_links":{"self":[{"href":"https:\/\/rosatheuer.com\/index.php?rest_route=\/wp\/v2\/pages\/81"}],"collection":[{"href":"https:\/\/rosatheuer.com\/index.php?rest_route=\/wp\/v2\/pages"}],"about":[{"href":"https:\/\/rosatheuer.com\/index.php?rest_route=\/wp\/v2\/types\/page"}],"author":[{"embeddable":true,"href":"https:\/\/rosatheuer.com\/index.php?rest_route=\/wp\/v2\/users\/1"}],"replies":[{"embeddable":true,"href":"https:\/\/rosatheuer.com\/index.php?rest_route=%2Fwp%2Fv2%2Fcomments&post=81"}],"version-history":[{"count":10,"href":"https:\/\/rosatheuer.com\/index.php?rest_route=\/wp\/v2\/pages\/81\/revisions"}],"predecessor-version":[{"id":605,"href":"https:\/\/rosatheuer.com\/index.php?rest_route=\/wp\/v2\/pages\/81\/revisions\/605"}],"wp:attachment":[{"href":"https:\/\/rosatheuer.com\/index.php?rest_route=%2Fwp%2Fv2%2Fmedia&parent=81"}],"curies":[{"name":"wp","href":"https:\/\/api.w.org\/{rel}","templated":true}]}}